{"id":1448,"date":"2022-08-25T13:27:00","date_gmt":"2022-08-25T13:27:00","guid":{"rendered":"https:\/\/srya.com.ar\/home\/"},"modified":"2025-06-17T16:06:13","modified_gmt":"2025-06-17T16:06:13","slug":"inicio","status":"publish","type":"page","link":"https:\/\/srya.com.ar\/en\/","title":{"rendered":"Home"},"content":{"rendered":"\t\t<div data-elementor-type=\"wp-page\" data-elementor-id=\"1448\" class=\"elementor elementor-1448\">\n\t\t\t\t<div class=\"elementor-element elementor-element-9783628 e-con-full elementor-hidden-tablet elementor-hidden-mobile header e-flex e-con e-parent\" data-id=\"9783628\" data-element_type=\"container\" data-e-type=\"container\" data-settings=\"{&quot;background_background&quot;:&quot;slideshow&quot;,&quot;background_slideshow_gallery&quot;:[{&quot;id&quot;:1870,&quot;url&quot;:&quot;https:\\\/\\\/srya.com.ar\\\/wp-content\\\/uploads\\\/2024\\\/03\\\/race-volvo-ocean-race-sailboat-636176-e1709657570437.jpg&quot;},{&quot;id&quot;:1871,&quot;url&quot;:&quot;https:\\\/\\\/srya.com.ar\\\/wp-content\\\/uploads\\\/2024\\\/03\\\/volvo-ocean-race-scheveningen-regatta-816438-e1709657606808.jpg&quot;},{&quot;id&quot;:1872,&quot;url&quot;:&quot;https:\\\/\\\/srya.com.ar\\\/wp-content\\\/uploads\\\/2024\\\/03\\\/volvo-ocean-race-scheveningen-regatta-816435-e1709657633925.jpg&quot;},{&quot;id&quot;:1873,&quot;url&quot;:&quot;https:\\\/\\\/srya.com.ar\\\/wp-content\\\/uploads\\\/2024\\\/03\\\/boats-candle-nautical-4792424-e1709657654168.jpg&quot;},{&quot;id&quot;:1874,&quot;url&quot;:&quot;https:\\\/\\\/srya.com.ar\\\/wp-content\\\/uploads\\\/2024\\\/03\\\/regatta-sailboats-sailing-6617617-e1709657680831.jpg&quot;},{&quot;id&quot;:1875,&quot;url&quot;:&quot;https:\\\/\\\/srya.com.ar\\\/wp-content\\\/uploads\\\/2024\\\/03\\\/sailboats-boats-sail-170120-e1709657703324.jpg&quot;}],&quot;background_slideshow_loop&quot;:&quot;yes&quot;,&quot;background_slideshow_slide_duration&quot;:5000,&quot;background_slideshow_slide_transition&quot;:&quot;fade&quot;,&quot;background_slideshow_transition_duration&quot;:500}\">\n\t\t\t\t<\/div>\n\t\t<div class=\"elementor-element elementor-element-ba11465 e-con-full elementor-hidden-desktop e-flex e-con e-parent\" data-id=\"ba11465\" data-element_type=\"container\" data-e-type=\"container\" data-settings=\"{&quot;background_background&quot;:&quot;classic&quot;}\">\n\t\t\t\t<\/div>\n\t\t<div class=\"elementor-element elementor-element-da622d6 e-flex e-con-boxed e-con e-parent\" data-id=\"da622d6\" data-element_type=\"container\" data-e-type=\"container\">\n\t\t\t\t\t<div class=\"e-con-inner\">\n\t\t<div class=\"elementor-element elementor-element-55e273b e-flex e-con-boxed e-con e-child\" data-id=\"55e273b\" data-element_type=\"container\" data-e-type=\"container\">\n\t\t\t\t\t<div class=\"e-con-inner\">\n\t\t\t\t<div class=\"elementor-element elementor-element-549e2b6 elementor-widget elementor-widget-text-editor\" data-id=\"549e2b6\" data-element_type=\"widget\" data-e-type=\"widget\" data-widget_type=\"text-editor.default\">\n\t\t\t\t<div class=\"elementor-widget-container\">\n\t\t\t\t\t\t\t\t\tAl igual que en un barco de regata, en nuestra firma, trabajando en equipo, unificamos un objetivo en com\u00fan estableciendo una estrategia mediante la comunicaci\u00f3n para lograr el rumbo establecido dando lo mejor en la competencia y as\u00ed conseguir la victoria.<br><br>\n\nLa din\u00e1mica actual de los negocios requiere un eficiente control de las transacciones econ\u00f3micas y de su registro, basado en circuitos administrativos claramente definidos, y en sistemas de informaci\u00f3n claros y precisos, adecuados a las reales necesidades de la organizaci\u00f3n.<br><br>\n\nLa mayor presencia de los organismos de contralor, la bancarizaci\u00f3n e informatizaci\u00f3n de las transacciones econ\u00f3micas y la constante modificaci\u00f3n de las normas y reglamentaciones tributarias y societarias, hace imperiosa la necesidad de las empresas de contar con asesores externos especializados que contribuyan al logro de informaci\u00f3n eficiente, para el planeamiento y desarrollo de sus actividades. Evitando de esta forma desviar sus propios recursos humanos hacia esas actividades y concentr\u00e1ndolos entonces en el desarrollo de sus propios negocios.<br><br>\n\nSomos conscientes que la calidad de servicio es el factor de \u00e9xito m\u00e1s importante para un estudio profesional, siendo nuestro objetivo el de comprender y exceder las expectativas que nuestros clientes tienen respecto de nuestros servicios.\t\t\t\t\t\t\t\t<\/div>\n\t\t\t\t<\/div>\n\t\t\t\t\t<\/div>\n\t\t\t\t<\/div>\n\t\t\t\t\t<\/div>\n\t\t\t\t<\/div>\n\t\t<div class=\"elementor-element elementor-element-6fd389f elementor-hidden-tablet elementor-hidden-mobile e-flex e-con-boxed e-con e-parent\" data-id=\"6fd389f\" data-element_type=\"container\" data-e-type=\"container\">\n\t\t\t\t\t<div class=\"e-con-inner\">\n\t\t<div class=\"elementor-element elementor-element-942fc1d e-con-full e-flex e-con e-child\" data-id=\"942fc1d\" data-element_type=\"container\" data-e-type=\"container\">\n\t\t\t\t<div class=\"elementor-element elementor-element-f3a9ca1 elementor-widget elementor-widget-image\" data-id=\"f3a9ca1\" data-element_type=\"widget\" data-e-type=\"widget\" data-widget_type=\"image.default\">\n\t\t\t\t<div class=\"elementor-widget-container\">\n\t\t\t\t\t\t\t\t\t\t\t\t<figure class=\"wp-caption\">\n\t\t\t\t\t\t\t\t\t\t\t<a href=\"https:\/\/srya.com.ar\/nosotros\">\n\t\t\t\t\t\t\t<img fetchpriority=\"high\" decoding=\"async\" width=\"300\" height=\"200\" src=\"https:\/\/srya.com.ar\/wp-content\/uploads\/2025\/06\/imagen-caja-nosotros.png\" class=\"elementor-animation-grow attachment-medium size-medium wp-image-4742\" alt=\"imagen-caja-nosotros\" srcset=\"https:\/\/srya.com.ar\/wp-content\/uploads\/2025\/06\/imagen-caja-nosotros.png 301w, https:\/\/srya.com.ar\/wp-content\/uploads\/2025\/06\/imagen-caja-nosotros-18x12.png 18w\" sizes=\"(max-width: 300px) 100vw, 300px\" \/>\t\t\t\t\t\t\t\t<\/a>\n\t\t\t\t\t\t\t\t\t\t\t<figcaption class=\"widget-image-caption wp-caption-text\">NOSOTROS<\/figcaption>\n\t\t\t\t\t\t\t\t\t\t<\/figure>\n\t\t\t\t\t\t\t\t\t<\/div>\n\t\t\t\t<\/div>\n\t\t\t\t<div class=\"elementor-element elementor-element-86274bc elementor-widget elementor-widget-image\" data-id=\"86274bc\" data-element_type=\"widget\" data-e-type=\"widget\" data-widget_type=\"image.default\">\n\t\t\t\t<div class=\"elementor-widget-container\">\n\t\t\t\t\t\t\t\t\t\t\t\t<figure class=\"wp-caption\">\n\t\t\t\t\t\t\t\t\t\t\t<a href=\"https:\/\/srya.com.ar\/clientes\">\n\t\t\t\t\t\t\t<img decoding=\"async\" width=\"300\" height=\"200\" src=\"https:\/\/srya.com.ar\/wp-content\/uploads\/2025\/06\/imagen-caja-clientes.png\" class=\"elementor-animation-grow attachment-medium size-medium wp-image-4740\" alt=\"imagen-caja-clientes\" srcset=\"https:\/\/srya.com.ar\/wp-content\/uploads\/2025\/06\/imagen-caja-clientes.png 301w, https:\/\/srya.com.ar\/wp-content\/uploads\/2025\/06\/imagen-caja-clientes-18x12.png 18w\" sizes=\"(max-width: 300px) 100vw, 300px\" \/>\t\t\t\t\t\t\t\t<\/a>\n\t\t\t\t\t\t\t\t\t\t\t<figcaption class=\"widget-image-caption wp-caption-text\">CLIENTES<\/figcaption>\n\t\t\t\t\t\t\t\t\t\t<\/figure>\n\t\t\t\t\t\t\t\t\t<\/div>\n\t\t\t\t<\/div>\n\t\t\t\t<div class=\"elementor-element elementor-element-fe23931 elementor-widget elementor-widget-image\" data-id=\"fe23931\" data-element_type=\"widget\" data-e-type=\"widget\" data-widget_type=\"image.default\">\n\t\t\t\t<div class=\"elementor-widget-container\">\n\t\t\t\t\t\t\t\t\t\t\t\t<figure class=\"wp-caption\">\n\t\t\t\t\t\t\t\t\t\t\t<a href=\"https:\/\/srya.com.ar\/servicios\">\n\t\t\t\t\t\t\t<img decoding=\"async\" width=\"300\" height=\"200\" src=\"https:\/\/srya.com.ar\/wp-content\/uploads\/2025\/06\/imagen-caja-servicios.png\" class=\"elementor-animation-grow attachment-medium size-medium wp-image-4744\" alt=\"imagen-caja-servicios\" srcset=\"https:\/\/srya.com.ar\/wp-content\/uploads\/2025\/06\/imagen-caja-servicios.png 301w, https:\/\/srya.com.ar\/wp-content\/uploads\/2025\/06\/imagen-caja-servicios-18x12.png 18w\" sizes=\"(max-width: 300px) 100vw, 300px\" \/>\t\t\t\t\t\t\t\t<\/a>\n\t\t\t\t\t\t\t\t\t\t\t<figcaption class=\"widget-image-caption wp-caption-text\">SERVICIOS<\/figcaption>\n\t\t\t\t\t\t\t\t\t\t<\/figure>\n\t\t\t\t\t\t\t\t\t<\/div>\n\t\t\t\t<\/div>\n\t\t\t\t<\/div>\n\t\t<div class=\"elementor-element elementor-element-e8a2372 e-flex e-con-boxed e-con e-child\" data-id=\"e8a2372\" data-element_type=\"container\" data-e-type=\"container\">\n\t\t\t\t\t<div class=\"e-con-inner\">\n\t\t\t\t<div class=\"elementor-element elementor-element-aa9ec17 elementor-widget elementor-widget-image\" data-id=\"aa9ec17\" data-element_type=\"widget\" data-e-type=\"widget\" data-widget_type=\"image.default\">\n\t\t\t\t<div class=\"elementor-widget-container\">\n\t\t\t\t\t\t\t\t\t\t\t\t<figure class=\"wp-caption\">\n\t\t\t\t\t\t\t\t\t\t\t<a href=\"https:\/\/srya.com.ar\/respaldo\">\n\t\t\t\t\t\t\t<img loading=\"lazy\" decoding=\"async\" width=\"300\" height=\"200\" src=\"https:\/\/srya.com.ar\/wp-content\/uploads\/2025\/06\/imagen-caja-respaldo-internacional.png\" class=\"elementor-animation-grow attachment-medium size-medium wp-image-4743\" alt=\"imagen-caja-respaldo-internacional\" srcset=\"https:\/\/srya.com.ar\/wp-content\/uploads\/2025\/06\/imagen-caja-respaldo-internacional.png 301w, https:\/\/srya.com.ar\/wp-content\/uploads\/2025\/06\/imagen-caja-respaldo-internacional-18x12.png 18w\" sizes=\"(max-width: 300px) 100vw, 300px\" \/>\t\t\t\t\t\t\t\t<\/a>\n\t\t\t\t\t\t\t\t\t\t\t<figcaption class=\"widget-image-caption wp-caption-text\">RESPALDO INTERNACIONAL<\/figcaption>\n\t\t\t\t\t\t\t\t\t\t<\/figure>\n\t\t\t\t\t\t\t\t\t<\/div>\n\t\t\t\t<\/div>\n\t\t\t\t<div class=\"elementor-element elementor-element-aab3e9d elementor-widget elementor-widget-image\" data-id=\"aab3e9d\" data-element_type=\"widget\" data-e-type=\"widget\" data-widget_type=\"image.default\">\n\t\t\t\t<div class=\"elementor-widget-container\">\n\t\t\t\t\t\t\t\t\t\t\t\t<figure class=\"wp-caption\">\n\t\t\t\t\t\t\t\t\t\t\t<a href=\"https:\/\/srya.com.ar\/contacto\">\n\t\t\t\t\t\t\t<img loading=\"lazy\" decoding=\"async\" width=\"300\" height=\"201\" src=\"https:\/\/srya.com.ar\/wp-content\/uploads\/2025\/06\/imagen-caja-contacto.png\" class=\"elementor-animation-grow attachment-medium size-medium wp-image-4741\" alt=\"imagen-caja-contacto\" srcset=\"https:\/\/srya.com.ar\/wp-content\/uploads\/2025\/06\/imagen-caja-contacto.png 301w, https:\/\/srya.com.ar\/wp-content\/uploads\/2025\/06\/imagen-caja-contacto-18x12.png 18w\" sizes=\"(max-width: 300px) 100vw, 300px\" \/>\t\t\t\t\t\t\t\t<\/a>\n\t\t\t\t\t\t\t\t\t\t\t<figcaption class=\"widget-image-caption wp-caption-text\">CONTACTO<\/figcaption>\n\t\t\t\t\t\t\t\t\t\t<\/figure>\n\t\t\t\t\t\t\t\t\t<\/div>\n\t\t\t\t<\/div>\n\t\t\t\t\t<\/div>\n\t\t\t\t<\/div>\n\t\t\t\t\t<\/div>\n\t\t\t\t<\/div>\n\t\t<div class=\"elementor-element elementor-element-4105e7e elementor-hidden-desktop e-flex e-con-boxed e-con e-parent\" data-id=\"4105e7e\" data-element_type=\"container\" data-e-type=\"container\">\n\t\t\t\t\t<div class=\"e-con-inner\">\n\t\t<div class=\"elementor-element elementor-element-a73d27f e-con-full e-flex e-con e-child\" data-id=\"a73d27f\" data-element_type=\"container\" data-e-type=\"container\">\n\t\t\t\t<div class=\"elementor-element elementor-element-bf6228b elementor-widget elementor-widget-image\" data-id=\"bf6228b\" data-element_type=\"widget\" data-e-type=\"widget\" data-widget_type=\"image.default\">\n\t\t\t\t<div class=\"elementor-widget-container\">\n\t\t\t\t\t\t\t\t\t\t\t\t<figure class=\"wp-caption\">\n\t\t\t\t\t\t\t\t\t\t\t<a href=\"https:\/\/srya.com.ar\/nosotros\">\n\t\t\t\t\t\t\t<img fetchpriority=\"high\" decoding=\"async\" width=\"300\" height=\"200\" src=\"https:\/\/srya.com.ar\/wp-content\/uploads\/2025\/06\/imagen-caja-nosotros.png\" class=\"elementor-animation-grow attachment-medium size-medium wp-image-4742\" alt=\"imagen-caja-nosotros\" srcset=\"https:\/\/srya.com.ar\/wp-content\/uploads\/2025\/06\/imagen-caja-nosotros.png 301w, https:\/\/srya.com.ar\/wp-content\/uploads\/2025\/06\/imagen-caja-nosotros-18x12.png 18w\" sizes=\"(max-width: 300px) 100vw, 300px\" \/>\t\t\t\t\t\t\t\t<\/a>\n\t\t\t\t\t\t\t\t\t\t\t<figcaption class=\"widget-image-caption wp-caption-text\">NOSOTROS<\/figcaption>\n\t\t\t\t\t\t\t\t\t\t<\/figure>\n\t\t\t\t\t\t\t\t\t<\/div>\n\t\t\t\t<\/div>\n\t\t\t\t<div class=\"elementor-element elementor-element-ef0f17e elementor-widget elementor-widget-image\" data-id=\"ef0f17e\" data-element_type=\"widget\" data-e-type=\"widget\" data-widget_type=\"image.default\">\n\t\t\t\t<div class=\"elementor-widget-container\">\n\t\t\t\t\t\t\t\t\t\t\t\t<figure class=\"wp-caption\">\n\t\t\t\t\t\t\t\t\t\t\t<a href=\"https:\/\/srya.com.ar\/clientes\">\n\t\t\t\t\t\t\t<img decoding=\"async\" width=\"300\" height=\"200\" src=\"https:\/\/srya.com.ar\/wp-content\/uploads\/2025\/06\/imagen-caja-clientes.png\" class=\"elementor-animation-grow attachment-medium size-medium wp-image-4740\" alt=\"imagen-caja-clientes\" srcset=\"https:\/\/srya.com.ar\/wp-content\/uploads\/2025\/06\/imagen-caja-clientes.png 301w, https:\/\/srya.com.ar\/wp-content\/uploads\/2025\/06\/imagen-caja-clientes-18x12.png 18w\" sizes=\"(max-width: 300px) 100vw, 300px\" \/>\t\t\t\t\t\t\t\t<\/a>\n\t\t\t\t\t\t\t\t\t\t\t<figcaption class=\"widget-image-caption wp-caption-text\">CLIENTES<\/figcaption>\n\t\t\t\t\t\t\t\t\t\t<\/figure>\n\t\t\t\t\t\t\t\t\t<\/div>\n\t\t\t\t<\/div>\n\t\t\t\t<div class=\"elementor-element elementor-element-3505eec elementor-widget elementor-widget-image\" data-id=\"3505eec\" data-element_type=\"widget\" data-e-type=\"widget\" data-widget_type=\"image.default\">\n\t\t\t\t<div class=\"elementor-widget-container\">\n\t\t\t\t\t\t\t\t\t\t\t\t<figure class=\"wp-caption\">\n\t\t\t\t\t\t\t\t\t\t\t<a href=\"https:\/\/srya.com.ar\/servicios\">\n\t\t\t\t\t\t\t<img decoding=\"async\" width=\"300\" height=\"200\" src=\"https:\/\/srya.com.ar\/wp-content\/uploads\/2025\/06\/imagen-caja-servicios.png\" class=\"elementor-animation-grow attachment-medium size-medium wp-image-4744\" alt=\"imagen-caja-servicios\" srcset=\"https:\/\/srya.com.ar\/wp-content\/uploads\/2025\/06\/imagen-caja-servicios.png 301w, https:\/\/srya.com.ar\/wp-content\/uploads\/2025\/06\/imagen-caja-servicios-18x12.png 18w\" sizes=\"(max-width: 300px) 100vw, 300px\" \/>\t\t\t\t\t\t\t\t<\/a>\n\t\t\t\t\t\t\t\t\t\t\t<figcaption class=\"widget-image-caption wp-caption-text\">SERVICIOS<\/figcaption>\n\t\t\t\t\t\t\t\t\t\t<\/figure>\n\t\t\t\t\t\t\t\t\t<\/div>\n\t\t\t\t<\/div>\n\t\t\t\t<\/div>\n\t\t<div class=\"elementor-element elementor-element-37da4fd e-flex e-con-boxed e-con e-child\" data-id=\"37da4fd\" data-element_type=\"container\" data-e-type=\"container\">\n\t\t\t\t\t<div class=\"e-con-inner\">\n\t\t\t\t<div class=\"elementor-element elementor-element-9a38d73 elementor-widget elementor-widget-image\" data-id=\"9a38d73\" data-element_type=\"widget\" data-e-type=\"widget\" data-widget_type=\"image.default\">\n\t\t\t\t<div class=\"elementor-widget-container\">\n\t\t\t\t\t\t\t\t\t\t\t\t<figure class=\"wp-caption\">\n\t\t\t\t\t\t\t\t\t\t\t<a href=\"https:\/\/srya.com.ar\/respaldo\">\n\t\t\t\t\t\t\t<img loading=\"lazy\" decoding=\"async\" width=\"300\" height=\"200\" src=\"https:\/\/srya.com.ar\/wp-content\/uploads\/2025\/06\/imagen-caja-respaldo-internacional.png\" class=\"elementor-animation-grow attachment-medium size-medium wp-image-4743\" alt=\"imagen-caja-respaldo-internacional\" srcset=\"https:\/\/srya.com.ar\/wp-content\/uploads\/2025\/06\/imagen-caja-respaldo-internacional.png 301w, https:\/\/srya.com.ar\/wp-content\/uploads\/2025\/06\/imagen-caja-respaldo-internacional-18x12.png 18w\" sizes=\"(max-width: 300px) 100vw, 300px\" \/>\t\t\t\t\t\t\t\t<\/a>\n\t\t\t\t\t\t\t\t\t\t\t<figcaption class=\"widget-image-caption wp-caption-text\">RESPALDO INTERNACIONAL<\/figcaption>\n\t\t\t\t\t\t\t\t\t\t<\/figure>\n\t\t\t\t\t\t\t\t\t<\/div>\n\t\t\t\t<\/div>\n\t\t\t\t<div class=\"elementor-element elementor-element-2a52f70 elementor-widget elementor-widget-image\" data-id=\"2a52f70\" data-element_type=\"widget\" data-e-type=\"widget\" data-widget_type=\"image.default\">\n\t\t\t\t<div class=\"elementor-widget-container\">\n\t\t\t\t\t\t\t\t\t\t\t\t<figure class=\"wp-caption\">\n\t\t\t\t\t\t\t\t\t\t\t<a href=\"https:\/\/srya.com.ar\/contacto\">\n\t\t\t\t\t\t\t<img loading=\"lazy\" decoding=\"async\" width=\"300\" height=\"201\" src=\"https:\/\/srya.com.ar\/wp-content\/uploads\/2025\/06\/imagen-caja-contacto.png\" class=\"elementor-animation-grow attachment-medium size-medium wp-image-4741\" alt=\"imagen-caja-contacto\" srcset=\"https:\/\/srya.com.ar\/wp-content\/uploads\/2025\/06\/imagen-caja-contacto.png 301w, https:\/\/srya.com.ar\/wp-content\/uploads\/2025\/06\/imagen-caja-contacto-18x12.png 18w\" sizes=\"(max-width: 300px) 100vw, 300px\" \/>\t\t\t\t\t\t\t\t<\/a>\n\t\t\t\t\t\t\t\t\t\t\t<figcaption class=\"widget-image-caption wp-caption-text\">CONTACTO<\/figcaption>\n\t\t\t\t\t\t\t\t\t\t<\/figure>\n\t\t\t\t\t\t\t\t\t<\/div>\n\t\t\t\t<\/div>\n\t\t\t\t\t<\/div>\n\t\t\t\t<\/div>\n\t\t\t\t\t<\/div>\n\t\t\t\t<\/div>\n\t\t<div class=\"elementor-element elementor-element-b69b2c2 e-flex e-con-boxed e-con e-parent\" data-id=\"b69b2c2\" data-element_type=\"container\" data-e-type=\"container\" data-settings=\"{&quot;background_background&quot;:&quot;classic&quot;}\">\n\t\t\t\t\t<div class=\"e-con-inner\">\n\t\t<div class=\"elementor-element elementor-element-df51587 e-flex e-con-boxed e-con e-child\" data-id=\"df51587\" data-element_type=\"container\" data-e-type=\"container\">\n\t\t\t\t\t<div class=\"e-con-inner\">\n\t\t<div class=\"elementor-element elementor-element-8ce90cc e-con-full e-flex e-con e-child\" data-id=\"8ce90cc\" data-element_type=\"container\" data-e-type=\"container\">\n\t\t\t\t<div class=\"elementor-element elementor-element-2cbb30e elementor-widget elementor-widget-heading\" data-id=\"2cbb30e\" data-element_type=\"widget\" data-e-type=\"widget\" data-widget_type=\"heading.default\">\n\t\t\t\t<div class=\"elementor-widget-container\">\n\t\t\t\t\t<h2 class=\"elementor-heading-title elementor-size-default\">Siempre estamos dispuestos a hablar sobre tu negocio, nuevos proyectos, oportunidades y c\u00f3mo podemos ayudarte.<\/h2>\t\t\t\t<\/div>\n\t\t\t\t<\/div>\n\t\t\t\t<div class=\"elementor-element elementor-element-7181190 elementor-align-center elementor-widget elementor-widget-button\" data-id=\"7181190\" data-element_type=\"widget\" data-e-type=\"widget\" data-widget_type=\"button.default\">\n\t\t\t\t<div class=\"elementor-widget-container\">\n\t\t\t\t\t\t\t\t\t<div class=\"elementor-button-wrapper\">\n\t\t\t\t\t<a class=\"elementor-button elementor-button-link elementor-size-sm elementor-animation-shrink\" href=\"https:\/\/srya.com.ar\/contacto\">\n\t\t\t\t\t\t<span class=\"elementor-button-content-wrapper\">\n\t\t\t\t\t\t\t\t\t<span class=\"elementor-button-text\">contactanos<\/span>\n\t\t\t\t\t<\/span>\n\t\t\t\t\t<\/a>\n\t\t\t\t<\/div>\n\t\t\t\t\t\t\t\t<\/div>\n\t\t\t\t<\/div>\n\t\t\t\t<\/div>\n\t\t\t\t\t<\/div>\n\t\t\t\t<\/div>\n\t\t\t\t\t<\/div>\n\t\t\t\t<\/div>\n\t\t\t\t<\/div>\n\t\t","protected":false},"excerpt":{"rendered":"<p>Al igual que en un barco de regata, en nuestra firma, trabajando en equipo, unificamos un objetivo en com\u00fan estableciendo una estrategia mediante la comunicaci\u00f3n para lograr el rumbo establecido dando lo mejor en la competencia y as\u00ed conseguir la victoria. La din\u00e1mica actual de los negocios requiere un eficiente control de las transacciones econ\u00f3micas [&hellip;]<\/p>\n","protected":false},"author":3,"featured_media":0,"parent":0,"menu_order":0,"comment_status":"closed","ping_status":"closed","template":"","meta":{"site-sidebar-layout":"no-sidebar","site-content-layout":"page-builder","ast-site-content-layout":"default","site-content-style":"default","site-sidebar-style":"default","ast-global-header-display":"","ast-banner-title-visibility":"","ast-main-header-display":"","ast-hfb-above-header-display":"","ast-hfb-below-header-display":"","ast-hfb-mobile-header-display":"","site-post-title":"disabled","ast-breadcrumbs-content":"","ast-featured-img":"disabled","footer-sml-layout":"","ast-disable-related-posts":"","theme-transparent-header-meta":"enabled","adv-header-id-meta":"","stick-header-meta":"","header-above-stick-meta":"","header-main-stick-meta":"","header-below-stick-meta":"","astra-migrate-meta-layouts":"default","ast-page-background-enabled":"default","ast-page-background-meta":{"desktop":{"background-color":"var(--ast-global-color-4)","background-image":"","background-repeat":"repeat","background-position":"center center","background-size":"auto","background-attachment":"scroll","background-type":"","background-media":"","overlay-type":"","overlay-color":"","overlay-opacity":"","overlay-gradient":""},"tablet":{"background-color":"","background-image":"","background-repeat":"repeat","background-position":"center center","background-size":"auto","background-attachment":"scroll","background-type":"","background-media":"","overlay-type":"","overlay-color":"","overlay-opacity":"","overlay-gradient":""},"mobile":{"background-color":"","background-image":"","background-repeat":"repeat","background-position":"center center","background-size":"auto","background-attachment":"scroll","background-type":"","background-media":"","overlay-type":"","overlay-color":"","overlay-opacity":"","overlay-gradient":""}},"ast-content-background-meta":{"desktop":{"background-color":"var(--ast-global-color-5)","background-image":"","background-repeat":"repeat","background-position":"center center","background-size":"auto","background-attachment":"scroll","background-type":"","background-media":"","overlay-type":"","overlay-color":"","overlay-opacity":"","overlay-gradient":""},"tablet":{"background-color":"var(--ast-global-color-5)","background-image":"","background-repeat":"repeat","background-position":"center center","background-size":"auto","background-attachment":"scroll","background-type":"","background-media":"","overlay-type":"","overlay-color":"","overlay-opacity":"","overlay-gradient":""},"mobile":{"background-color":"var(--ast-global-color-5)","background-image":"","background-repeat":"repeat","background-position":"center center","background-size":"auto","background-attachment":"scroll","background-type":"","background-media":"","overlay-type":"","overlay-color":"","overlay-opacity":"","overlay-gradient":""}},"footnotes":""},"class_list":["post-1448","page","type-page","status-publish","hentry"],"_links":{"self":[{"href":"https:\/\/srya.com.ar\/en\/wp-json\/wp\/v2\/pages\/1448","targetHints":{"allow":["GET"]}}],"collection":[{"href":"https:\/\/srya.com.ar\/en\/wp-json\/wp\/v2\/pages"}],"about":[{"href":"https:\/\/srya.com.ar\/en\/wp-json\/wp\/v2\/types\/page"}],"author":[{"embeddable":true,"href":"https:\/\/srya.com.ar\/en\/wp-json\/wp\/v2\/users\/3"}],"replies":[{"embeddable":true,"href":"https:\/\/srya.com.ar\/en\/wp-json\/wp\/v2\/comments?post=1448"}],"version-history":[{"count":622,"href":"https:\/\/srya.com.ar\/en\/wp-json\/wp\/v2\/pages\/1448\/revisions"}],"predecessor-version":[{"id":4750,"href":"https:\/\/srya.com.ar\/en\/wp-json\/wp\/v2\/pages\/1448\/revisions\/4750"}],"wp:attachment":[{"href":"https:\/\/srya.com.ar\/en\/wp-json\/wp\/v2\/media?parent=1448"}],"curies":[{"name":"wp","href":"https:\/\/api.w.org\/{rel}","templated":true}]}}